{"id":24686,"date":"2014-10-09T18:28:12","date_gmt":"2014-10-09T23:28:12","guid":{"rendered":"https:\/\/abelmendozaproductions.com\/acerca\/"},"modified":"2014-10-09T18:28:12","modified_gmt":"2014-10-09T23:28:12","slug":"acerca","status":"publish","type":"page","link":"https:\/\/abelmendozaproductions.com\/es\/acerca\/","title":{"rendered":"Acerca"},"content":{"rendered":"<p><!--:en--><a href=\"https:\/\/thatworshipsound.com\/producer\/abel-mendoza\/\" target=\"_blank\" rel=\"noopener\"><img loading=\"lazy\" decoding=\"async\" class=\"alignnone size-medium wp-image-79\" src=\"http:\/\/www.abelmendozaproductions.com\/wp-content\/uploads\/2013\/05\/Abel-Mendoza-76-of-97-Version-2-300x212.jpg\" alt=\"Abel Mendoza\" width=\"300\" height=\"212\" srcset=\"https:\/\/abelmendozaproductions.com\/wp-content\/uploads\/2013\/05\/Abel-Mendoza-76-of-97-Version-2-300x212.jpg 300w, https:\/\/abelmendozaproductions.com\/wp-content\/uploads\/2013\/05\/Abel-Mendoza-76-of-97-Version-2-1024x725.jpg 1024w, https:\/\/abelmendozaproductions.com\/wp-content\/uploads\/2013\/05\/Abel-Mendoza-76-of-97-Version-2-600x425.jpg 600w, https:\/\/abelmendozaproductions.com\/wp-content\/uploads\/2013\/05\/Abel-Mendoza-76-of-97-Version-2-818x580.jpg 818w, https:\/\/abelmendozaproductions.com\/wp-content\/uploads\/2013\/05\/Abel-Mendoza-76-of-97-Version-2.jpg 1534w\" sizes=\"auto, (max-width: 300px) 100vw, 300px\" \/><\/a><\/p>\n<p><strong><a href=\"https:\/\/thatworshipsound.com\/producer\/abel-mendoza\/\" target=\"_blank\" rel=\"noopener\">Abel Mendoza<\/a><\/strong> es m\u00fasico y dise\u00f1ador sonoro. Su obra est\u00e1 siendo utilizada por miles de m\u00fasicos e iglesias alrededor del mundo, as\u00ed como por productores y artistas galardonados en m\u00faltiples g\u00e9neros. El objetivo de Abel es equipar e inspirar a la pr\u00f3xima generaci\u00f3n de m\u00fasicos de adoraci\u00f3n.<!--:--><\/p>\n","protected":false},"excerpt":{"rendered":"<p>Abel Mendoza es m\u00fasico y dise\u00f1ador sonoro. Su obra est\u00e1 siendo utilizada por miles de m\u00fasicos e iglesias alrededor del mundo, as\u00ed como por&#8230;<\/p>\n","protected":false},"author":1,"featured_media":0,"parent":0,"menu_order":0,"comment_status":"closed","ping_status":"closed","template":"","meta":{"_exactmetrics_skip_tracking":false,"_exactmetrics_sitenote_active":false,"_exactmetrics_sitenote_note":"","_exactmetrics_sitenote_category":0,"footnotes":""},"class_list":["post-24686","page","type-page","status-publish","hentry","post-item","post-even"],"_links":{"self":[{"href":"https:\/\/abelmendozaproductions.com\/es\/wp-json\/wp\/v2\/pages\/24686","targetHints":{"allow":["GET"]}}],"collection":[{"href":"https:\/\/abelmendozaproductions.com\/es\/wp-json\/wp\/v2\/pages"}],"about":[{"href":"https:\/\/abelmendozaproductions.com\/es\/wp-json\/wp\/v2\/types\/page"}],"author":[{"embeddable":true,"href":"https:\/\/abelmendozaproductions.com\/es\/wp-json\/wp\/v2\/users\/1"}],"replies":[{"embeddable":true,"href":"https:\/\/abelmendozaproductions.com\/es\/wp-json\/wp\/v2\/comments?post=24686"}],"version-history":[{"count":0,"href":"https:\/\/abelmendozaproductions.com\/es\/wp-json\/wp\/v2\/pages\/24686\/revisions"}],"wp:attachment":[{"href":"https:\/\/abelmendozaproductions.com\/es\/wp-json\/wp\/v2\/media?parent=24686"}],"curies":[{"name":"wp","href":"https:\/\/api.w.org\/{rel}","templated":true}]}}